{"id":47661,"date":"2017-01-06T18:12:15","date_gmt":"2017-01-06T18:12:15","guid":{"rendered":"http:\/\/bluehatmarketing.com\/privacy-policy\/"},"modified":"2018-05-16T17:55:39","modified_gmt":"2018-05-16T17:55:39","slug":"politique-de-confidentialite","status":"publish","type":"page","link":"https:\/\/2022bluehat.bluehat.hosting\/fr-ca\/politique-de-confidentialite\/","title":{"rendered":"Politique de confidentialit\u00e9"},"content":{"rendered":"[vc_row][vc_column][vc_column_text]BlueHatMarketing croit que la que la confidentialit\u00e9 \u00e9lectronique est essentielle pour le succ\u00e8s continu de l\u2019Internet en tant que service commercial, source d\u2019information et moyen de divertissement. \u00c0 cette fin, \u00e0 moins que vous d\u00e9signiez au contraire, les informations que vous entrez ici seront connues par seulement deux parties: vous et BlueHatMarketing. Nous assurons que BlueHat Marketing ne lib\u00e8re pas vos donn\u00e9es personnelles \u00e0 quiconque sans votre consentement \u2013 point final.<\/p>\n<p>Vous pouvez d\u00e9cider si vous souhaitez recevoir des offres de marketing et des communications de BlueHat \u00e0 tout moment. Quand nous pr\u00e9sentons des informations \u00e0 nos publicitaires, \u00e0 moins que vous nous disiez le contraire, elles prennent la forme de statistiques agr\u00e9g\u00e9es compil\u00e9es parmi tous nos visiteurs \u00e0 partir de leurs r\u00e9ponses aux questions du sondage ainsi que leur comportement sur le site.<\/p>\n<hr class=\"dashed\" \/>\n<p><strong>LES INFORMATIONS QUE NOUS RECUEILLONS<\/strong><\/p>\n<p>Le pr\u00e9sent avis s\u2019applique \u00e0 toutes les informations collect\u00e9es ou soumises sur les sites Web de BlueHatMarketing. Sur certaines pages, vous pouvez commander des produits, faire des demandes, et vous enregistrer pour recevoir des mat\u00e9riaux. Les types d\u2019informations personnelles recueillis sur ces pages sont les suivantes:<\/p>\n<ul>\n<li>Nom<\/li>\n<li>Addresse<\/li>\n<li>Courriel<\/li>\n<li>Num\u00e9ro de T\u00e9l\u00e9phone<\/li>\n<li>Informations de carte de cr\u00e9dit\/d\u00e9bit SEULEMENT si vous vous abonnez \/ achetez en ligne<\/li>\n<li>Informations suppl\u00e9mentaires adapt\u00e9es aux projets g\u00e9r\u00e9s ou entretenus par BlueHatMarketing ou nos bureaux internationaux<\/li>\n<\/ul>\n<hr class=\"dashed\" \/>\n<p><strong>L\u2019UTILISATION DE CES INFORMATIONS<\/strong><\/p>\n<p>Nous utilisons les informations personnelles que vous fournissez lorsque vous passez une commande uniquement pour ex\u00e9cuter cette commande. Nous ne partageons pas cette information avec des tiers, sauf dans la mesure n\u00e9cessaire pour ex\u00e9cuter cette commande. Nous utilisons les informations fournies qui d\u00e9crivent un site web sous forme de donn\u00e9es de projet unique \u00e0 ce site Web. Nous utilisons les adresses de courriel pour r\u00e9pondre aux messages que nous recevons et pour fournir un avis raisonnable de nos projets, nos services, ou des nouvelles de produits et mises \u00e0 jour. La plupart des adresses de courriel sont utilis\u00e9es pour fournir un abonnement gratuit \u00e0 notre bulletin SEO. Ces adresses ne sont pas partag\u00e9es avec des tiers. Vous pouvez \u00e9galement vous inscrire \u00e0 notre site si vous souhaitez recevoir notre infolettre ainsi que les mises \u00e0 jour sur nos produits et services.<\/p>\n<p>Nous utilisons des informations globales et non-identifiables pour mieux concevoir notre site Web et partager avec les publicitaires. Par exemple, nous pouvons dire \u00e0 un publicitaire qu\u2019un nombre X de personnes ont visit\u00e9 un certain secteur sur notre site Web, ou qu\u2019un nombre Y d\u2019hommes et Z de femmes ont rempli notre formulaire d\u2019inscription, mais nous ne r\u00e9v\u00e9lerons rien qui pourrait \u00eatre utilis\u00e9 pour identifier ces individus.<\/p>\n<p>Enfin, nous n\u2019utilisons ni ne partageons les informations personnellement identifiables qui nous sont fournis en ligne \u00e0 des fins autres que celles d\u00e9crites ci-dessus sans vous fournir \u00e9galement une occasion de retirer ou d\u2019interdire de telles utilisations.<\/p>\n<hr class=\"dashed\" \/>\n<p><strong>NOTRE ENGAGEMENT ENVERS LA S\u00c9CURIT\u00c9 DES DONN\u00c9ES<\/strong><\/p>\n<p>Pour emp\u00eacher tout acc\u00e8s non autoris\u00e9, maintenir l\u2019exactitude des donn\u00e9es, et assurer l\u2019utilisation correcte de l\u2019information, nous avons mis en place des proc\u00e9dures appropri\u00e9es physiques, \u00e9lectroniques et de gestion pour sauvegarder et s\u00e9curiser les informations que nous recueillons en ligne.<\/p>\n<hr class=\"dashed\" \/>\n<p><strong>COMMENT NOUS CONTACTER<\/strong><\/p>\n<p>Si vous avez d\u2019autres questions ou des pr\u00e9occupations au sujet de ces politiques de confidentialit\u00e9, s\u2019il vous pla\u00eet envoyez un courriel \u00e0 notre \u00e9quipe d\u2019assistance.<\/p>\n<p>Des informations compl\u00e9mentaires peuvent \u00eatre trouv\u00e9es ci-dessous<\/p>\n<p>Courriel : info@bluehatmarketing.com<br \/>\nT\u00e9l : 1-866-755-2583<br \/>\n<strong>Politique de confidentialit\u00e9 a \u00e9t\u00e9 mise \u00e0 jour le 07 Ao\u00fbt, 2014[\/vc_column_text][\/vc_column][\/vc_row]<\/strong><\/p>\n","protected":false},"excerpt":{"rendered":"<p>[vc_row][vc_column][vc_column_text]BlueHatMarketing croit que la que la confidentialit\u00e9 \u00e9lectronique est essentielle pour le succ\u00e8s continu de l\u2019Internet en tant que service commercial, source d\u2019information et moyen de divertissement. \u00c0 cette fin, \u00e0 moins que vous d\u00e9signiez au contraire, les informations que vous entrez ici seront connues par seulement deux parties: vous et BlueHatMarketing. Nous assurons que BlueHat [&hellip;]<\/p>\n","protected":false},"author":1,"featured_media":0,"parent":0,"menu_order":0,"comment_status":"closed","ping_status":"closed","template":"","meta":[],"yoast_head":"<!-- This site is optimized with the Yoast SEO plugin v19.5.1 - https:\/\/yoast.com\/wordpress\/plugins\/seo\/ -->\n<title>Politique de confidentialit\u00e9 - BlueHat Marketing<\/title>\n<meta name=\"description\" content=\"Lisez la politique de confidentialit\u00e9 de BlueHat Marketing afin de conna\u00eetre tous les d\u00e9tails sur la fa\u00e7on dont notre agence prot\u00e8ge et respecte vos donn\u00e9es personnelles.\" \/>\n<meta name=\"robots\" content=\"index, follow, max-snippet:-1, max-image-preview:large, max-video-preview:-1\" \/>\n<link rel=\"canonical\" href=\"https:\/\/2022bluehat.bluehat.hosting\/fr-ca\/politique-de-confidentialite\/\" \/>\n<meta property=\"og:locale\" content=\"fr_FR\" \/>\n<meta property=\"og:type\" content=\"article\" \/>\n<meta property=\"og:title\" content=\"Politique de confidentialit\u00e9 - BlueHat Marketing\" \/>\n<meta property=\"og:description\" content=\"Lisez la politique de confidentialit\u00e9 de BlueHat Marketing afin de conna\u00eetre tous les d\u00e9tails sur la fa\u00e7on dont notre agence prot\u00e8ge et respecte vos donn\u00e9es personnelles.\" \/>\n<meta property=\"og:url\" content=\"https:\/\/2022bluehat.bluehat.hosting\/fr-ca\/politique-de-confidentialite\/\" \/>\n<meta property=\"og:site_name\" content=\"BlueHat Marketing\" \/>\n<meta property=\"article:modified_time\" content=\"2018-05-16T17:55:39+00:00\" \/>\n<meta name=\"twitter:card\" content=\"summary\" \/>\n<meta name=\"twitter:label1\" content=\"Dur\u00e9e de lecture estim\u00e9e\" \/>\n\t<meta name=\"twitter:data1\" content=\"3 minutes\" \/>\n<script type=\"application\/ld+json\" class=\"yoast-schema-graph\">{\"@context\":\"https:\/\/schema.org\",\"@graph\":[{\"@type\":\"WebPage\",\"@id\":\"https:\/\/2022bluehat.bluehat.hosting\/fr-ca\/politique-de-confidentialite\/\",\"url\":\"https:\/\/2022bluehat.bluehat.hosting\/fr-ca\/politique-de-confidentialite\/\",\"name\":\"Politique de confidentialit\u00e9 - BlueHat Marketing\",\"isPartOf\":{\"@id\":\"https:\/\/2022bluehat.bluehat.hosting\/fr-ca\/#website\"},\"datePublished\":\"2017-01-06T18:12:15+00:00\",\"dateModified\":\"2018-05-16T17:55:39+00:00\",\"description\":\"Lisez la politique de confidentialit\u00e9 de BlueHat Marketing afin de conna\u00eetre tous les d\u00e9tails sur la fa\u00e7on dont notre agence prot\u00e8ge et respecte vos donn\u00e9es personnelles.\",\"breadcrumb\":{\"@id\":\"https:\/\/2022bluehat.bluehat.hosting\/fr-ca\/politique-de-confidentialite\/#breadcrumb\"},\"inLanguage\":\"fr-FR\",\"potentialAction\":[{\"@type\":\"ReadAction\",\"target\":[\"https:\/\/2022bluehat.bluehat.hosting\/fr-ca\/politique-de-confidentialite\/\"]}]},{\"@type\":\"BreadcrumbList\",\"@id\":\"https:\/\/2022bluehat.bluehat.hosting\/fr-ca\/politique-de-confidentialite\/#breadcrumb\",\"itemListElement\":[{\"@type\":\"ListItem\",\"position\":1,\"name\":\"Home\",\"item\":\"https:\/\/2022bluehat.bluehat.hosting\/fr-ca\/\"},{\"@type\":\"ListItem\",\"position\":2,\"name\":\"Politique de confidentialit\u00e9\"}]},{\"@type\":\"WebSite\",\"@id\":\"https:\/\/2022bluehat.bluehat.hosting\/fr-ca\/#website\",\"url\":\"https:\/\/2022bluehat.bluehat.hosting\/fr-ca\/\",\"name\":\"BlueHat Marketing\",\"description\":\"Best SEO &amp; Website Design Company In Toronto\/Montreal Canada\",\"potentialAction\":[{\"@type\":\"SearchAction\",\"target\":{\"@type\":\"EntryPoint\",\"urlTemplate\":\"https:\/\/2022bluehat.bluehat.hosting\/fr-ca\/?s={search_term_string}\"},\"query-input\":\"required name=search_term_string\"}],\"inLanguage\":\"fr-FR\"}]}<\/script>\n<!-- \/ Yoast SEO plugin. -->","yoast_head_json":{"title":"Politique de confidentialit\u00e9 - BlueHat Marketing","description":"Lisez la politique de confidentialit\u00e9 de BlueHat Marketing afin de conna\u00eetre tous les d\u00e9tails sur la fa\u00e7on dont notre agence prot\u00e8ge et respecte vos donn\u00e9es personnelles.","robots":{"index":"index","follow":"follow","max-snippet":"max-snippet:-1","max-image-preview":"max-image-preview:large","max-video-preview":"max-video-preview:-1"},"canonical":"https:\/\/2022bluehat.bluehat.hosting\/fr-ca\/politique-de-confidentialite\/","og_locale":"fr_FR","og_type":"article","og_title":"Politique de confidentialit\u00e9 - BlueHat Marketing","og_description":"Lisez la politique de confidentialit\u00e9 de BlueHat Marketing afin de conna\u00eetre tous les d\u00e9tails sur la fa\u00e7on dont notre agence prot\u00e8ge et respecte vos donn\u00e9es personnelles.","og_url":"https:\/\/2022bluehat.bluehat.hosting\/fr-ca\/politique-de-confidentialite\/","og_site_name":"BlueHat Marketing","article_modified_time":"2018-05-16T17:55:39+00:00","twitter_card":"summary","twitter_misc":{"Dur\u00e9e de lecture estim\u00e9e":"3 minutes"},"schema":{"@context":"https:\/\/schema.org","@graph":[{"@type":"WebPage","@id":"https:\/\/2022bluehat.bluehat.hosting\/fr-ca\/politique-de-confidentialite\/","url":"https:\/\/2022bluehat.bluehat.hosting\/fr-ca\/politique-de-confidentialite\/","name":"Politique de confidentialit\u00e9 - BlueHat Marketing","isPartOf":{"@id":"https:\/\/2022bluehat.bluehat.hosting\/fr-ca\/#website"},"datePublished":"2017-01-06T18:12:15+00:00","dateModified":"2018-05-16T17:55:39+00:00","description":"Lisez la politique de confidentialit\u00e9 de BlueHat Marketing afin de conna\u00eetre tous les d\u00e9tails sur la fa\u00e7on dont notre agence prot\u00e8ge et respecte vos donn\u00e9es personnelles.","breadcrumb":{"@id":"https:\/\/2022bluehat.bluehat.hosting\/fr-ca\/politique-de-confidentialite\/#breadcrumb"},"inLanguage":"fr-FR","potentialAction":[{"@type":"ReadAction","target":["https:\/\/2022bluehat.bluehat.hosting\/fr-ca\/politique-de-confidentialite\/"]}]},{"@type":"BreadcrumbList","@id":"https:\/\/2022bluehat.bluehat.hosting\/fr-ca\/politique-de-confidentialite\/#breadcrumb","itemListElement":[{"@type":"ListItem","position":1,"name":"Home","item":"https:\/\/2022bluehat.bluehat.hosting\/fr-ca\/"},{"@type":"ListItem","position":2,"name":"Politique de confidentialit\u00e9"}]},{"@type":"WebSite","@id":"https:\/\/2022bluehat.bluehat.hosting\/fr-ca\/#website","url":"https:\/\/2022bluehat.bluehat.hosting\/fr-ca\/","name":"BlueHat Marketing","description":"Best SEO &amp; Website Design Company In Toronto\/Montreal Canada","potentialAction":[{"@type":"SearchAction","target":{"@type":"EntryPoint","urlTemplate":"https:\/\/2022bluehat.bluehat.hosting\/fr-ca\/?s={search_term_string}"},"query-input":"required name=search_term_string"}],"inLanguage":"fr-FR"}]}},"_links":{"self":[{"href":"https:\/\/2022bluehat.bluehat.hosting\/fr-ca\/wp-json\/wp\/v2\/pages\/47661"}],"collection":[{"href":"https:\/\/2022bluehat.bluehat.hosting\/fr-ca\/wp-json\/wp\/v2\/pages"}],"about":[{"href":"https:\/\/2022bluehat.bluehat.hosting\/fr-ca\/wp-json\/wp\/v2\/types\/page"}],"author":[{"embeddable":true,"href":"https:\/\/2022bluehat.bluehat.hosting\/fr-ca\/wp-json\/wp\/v2\/users\/1"}],"replies":[{"embeddable":true,"href":"https:\/\/2022bluehat.bluehat.hosting\/fr-ca\/wp-json\/wp\/v2\/comments?post=47661"}],"version-history":[{"count":0,"href":"https:\/\/2022bluehat.bluehat.hosting\/fr-ca\/wp-json\/wp\/v2\/pages\/47661\/revisions"}],"wp:attachment":[{"href":"https:\/\/2022bluehat.bluehat.hosting\/fr-ca\/wp-json\/wp\/v2\/media?parent=47661"}],"curies":[{"name":"wp","href":"https:\/\/api.w.org\/{rel}","templated":true}]}}