{"id":47398,"date":"2016-12-22T23:13:00","date_gmt":"2016-12-22T23:13:00","guid":{"rendered":"http:\/\/bluehatmarketing.com\/contact-us\/"},"modified":"2018-12-05T18:44:53","modified_gmt":"2018-12-05T18:44:53","slug":"contactez-nous","status":"publish","type":"page","link":"https:\/\/2022bluehat.bluehat.hosting\/fr-ca\/contactez-nous\/","title":{"rendered":"Contactez-nous"},"content":{"rendered":"<div class=\"fusion-fullwidth fullwidth-box fusion-builder-row-1 nonhundred-percent-fullwidth non-hundred-percent-height-scrolling fusion-equal-height-columns\" style=\"background-color: #ffffff;background-position: center center;background-repeat: no-repeat;padding-top:0px;padding-right:0px;padding-bottom:0px;padding-left:0px;margin-bottom: 0px;margin-top: 0px;border-width: 0px 0px 0px 0px;border-color:#eae9e9;border-style:solid;\" ><div class=\"fusion-builder-row fusion-row\"><div class=\"fusion-layout-column fusion_builder_column fusion-builder-column-0 fusion_builder_column_1_2 1_2 fusion-one-half fusion-column-first\" style=\"width:50%;width:calc(50% - ( ( 4% ) * 0.5 ) );margin-right: 4%;margin-top:0px;margin-bottom:0px;\"><div class=\"fusion-column-wrapper fusion-flex-column-wrapper-legacy\" style=\"background-position:left top;background-repeat:no-repeat;-webkit-background-size:cover;-moz-background-size:cover;-o-background-size:cover;background-size:cover;padding: 60px 20px 60px 20px;\"><div class=\"fusion-text fusion-text-1\"><h1 class=\"contact-h1\">Obtenez une<br \/>\n<strong>Analyse Gratuite<\/strong><\/h1>\n<\/div><div class=\"fusion-text fusion-text-2\"><p class=\"general-title\" style=\"font-size: 30px;margin-bottom:0px;\">Appelez aujourd&rsquo;hui:<span style=\"color: #007bbf; display: inline-block;\"><a href=\"tel:1-866-755-2583\" target=\"_blank\" rel=\"nofollow\"><span class=\"gphone\">1-866-755-2583<\/span><\/a><\/span><\/p>\n<\/div><div class=\"fusion-text fusion-text-3\"><p class=\"contact-no-call\">Si vous ne pouvez pas appeler maintenant, remplissez le formulaire pour une <strong>analyse gratuite<\/strong> de votre site.<\/p>\n<\/div><div class=\"fusion-clearfix\"><\/div><\/div><\/div><div class=\"fusion-layout-column fusion_builder_column fusion-builder-column-1 fusion_builder_column_1_2 1_2 fusion-one-half fusion-column-last\" style=\"width:50%;width:calc(50% - ( ( 4% ) * 0.5 ) );margin-top:0px;margin-bottom:0px;\"><div class=\"fusion-column-wrapper fusion-flex-column-wrapper-legacy\" style=\"background-position:left top;background-repeat:no-repeat;-webkit-background-size:cover;-moz-background-size:cover;-o-background-size:cover;background-size:cover;background-color:#f2f2f2;padding: 60px 30px 60px 30px;\"><div class=\"fusion-text fusion-text-4\"><div role=\"form\" class=\"wpcf7\" id=\"wpcf7-f47497-o1\" lang=\"en-US\" dir=\"ltr\">\n<div class=\"screen-reader-response\"><p role=\"status\" aria-live=\"polite\" aria-atomic=\"true\"><\/p> <ul><\/ul><\/div>\n<form action=\"\/fr-ca\/wp-json\/wp\/v2\/pages\/47398#wpcf7-f47497-o1\" method=\"post\" class=\"wpcf7-form init\" novalidate=\"novalidate\" data-status=\"init\">\n<div style=\"display: none;\">\n<input type=\"hidden\" name=\"_wpcf7\" value=\"47497\" \/>\n<input type=\"hidden\" name=\"_wpcf7_version\" value=\"5.6.2\" \/>\n<input type=\"hidden\" name=\"_wpcf7_locale\" value=\"en_US\" \/>\n<input type=\"hidden\" name=\"_wpcf7_unit_tag\" value=\"wpcf7-f47497-o1\" \/>\n<input type=\"hidden\" name=\"_wpcf7_container_post\" value=\"0\" \/>\n<input type=\"hidden\" name=\"_wpcf7_posted_data_hash\" value=\"\" \/>\n<input type=\"hidden\" name=\"_wpcf7_recaptcha_response\" value=\"\" \/>\n<\/div>\n<div class=\"fusion-one-half one_half fusion-layout-column fusion-spacing-yes\"><span class=\"wpcf7-form-control-wrap\" data-name=\"your-name\"><input type=\"text\" name=\"your-name\" value=\"\" size=\"40\" class=\"wpcf7-form-control wpcf7-text wpcf7-validates-as-required\" id=\"custext\" aria-required=\"true\" aria-invalid=\"false\" placeholder=\"Nom*\" \/><\/span><\/div>\n<div class=\"fusion-one-half one_half fusion-layout-column fusion-spacing-yes fusion-column-last\"><span class=\"wpcf7-form-control-wrap\" data-name=\"your-phone\"><input type=\"text\" name=\"your-phone\" value=\"\" size=\"40\" class=\"wpcf7-form-control wpcf7-text wpcf7-validates-as-required\" id=\"custext\" aria-required=\"true\" aria-invalid=\"false\" placeholder=\"Num\u00e9ro de t\u00e9l\u00e9phone*\" \/><\/span><\/div>\n<div class=\"fusion-one-half one_half fusion-layout-column fusion-spacing-yes\"><span class=\"wpcf7-form-control-wrap\" data-name=\"your-email\"><input type=\"text\" name=\"your-email\" value=\"\" size=\"40\" class=\"wpcf7-form-control wpcf7-text wpcf7-validates-as-required\" id=\"custext\" aria-required=\"true\" aria-invalid=\"false\" placeholder=\"Email*\" \/><\/span><\/div>\n<div class=\"fusion-one-half one_half fusion-layout-column fusion-spacing-yes fusion-column-last\"><span class=\"wpcf7-form-control-wrap\" data-name=\"your-website\"><input type=\"text\" name=\"your-website\" value=\"\" size=\"40\" class=\"wpcf7-form-control wpcf7-text wpcf7-validates-as-required\" id=\"custext\" aria-required=\"true\" aria-invalid=\"false\" placeholder=\"Site web*\" \/><\/span><\/div>\n<div class=\"fusion-clearfix\"><\/div>\n<div class=\"fusion-one-full one_full fusion-layout-column fusion-spacing-no\"><span class=\"wpcf7-form-control-wrap\" data-name=\"your-message\"><textarea name=\"your-message\" cols=\"40\" rows=\"10\" class=\"wpcf7-form-control wpcf7-textarea wpcf7-validates-as-required\" id=\"custextarea\" aria-required=\"true\" aria-invalid=\"false\" placeholder=\"Message*\"><\/textarea><\/span><\/div>\n<p><input type=\"submit\" value=\"Envoyer votre requ\u00eate\" class=\"wpcf7-form-control has-spinner wpcf7-submit\" id=\"cussend\" \/><\/p>\n<div class=\"fusion-alert alert custom alert-custom fusion-alert-center wpcf7-response-output alert-dismissable\" role=\"alert\" style=\"border-width:1px;\"><div class=\"fusion-alert-content-wrapper\"><span class=\"fusion-alert-content\"><\/span><\/div><button type=\"button\" class=\"close toggle-alert\" data-dismiss=\"alert\" aria-label=\"Close\">&times;<\/button><\/div><\/form><\/div>\n<\/div><div class=\"fusion-clearfix\"><\/div><\/div><\/div><\/div><\/div><div class=\"fusion-fullwidth fullwidth-box fusion-builder-row-2 nonhundred-percent-fullwidth non-hundred-percent-height-scrolling\" style=\"background-color: #007bbf;background-position: center center;background-repeat: no-repeat;padding-top:20px;padding-right:0px;padding-bottom:20px;padding-left:0px;margin-bottom: 0px;margin-top: 0px;border-width: 0px 0px 0px 0px;border-color:#eae9e9;border-style:solid;\" ><div class=\"fusion-builder-row fusion-row\"><div class=\"fusion-layout-column fusion_builder_column fusion-builder-column-2 fusion_builder_column_1_1 1_1 fusion-one-full fusion-column-first fusion-column-last\" style=\"margin-top:0px;margin-bottom:20px;\"><div class=\"fusion-column-wrapper fusion-flex-column-wrapper-legacy\" style=\"background-position:left top;background-repeat:no-repeat;-webkit-background-size:cover;-moz-background-size:cover;-o-background-size:cover;background-size:cover;padding: 0px 0px 0px 0px;\"><div class=\"fusion-text fusion-text-5\"><h2 style=\"color: #fff; text-align: center;\">3 Bureaux pour mieux vous servir!<\/h2>\n<\/div><div class=\"fusion-text fusion-text-6\"><p class=\"heading-text\" style=\"color: #fff;\">Montreal, Toronto et New York.<\/p>\n<\/div><div class=\"fusion-clearfix\"><\/div><\/div><\/div><div class=\"fusion-layout-column fusion_builder_column fusion-builder-column-3 fusion_builder_column_1_3 1_3 fusion-one-third fusion-column-first\" style=\"width:33.333333333333%;width:calc(33.333333333333% - ( ( 4% + 4% ) * 0.33333333333333 ) );margin-right: 4%;margin-top:0px;margin-bottom:20px;\"><div class=\"fusion-column-wrapper fusion-flex-column-wrapper-legacy\" style=\"background-position:left top;background-repeat:no-repeat;-webkit-background-size:cover;-moz-background-size:cover;-o-background-size:cover;background-size:cover;padding: 0px 0px 0px 0px;\"><div class=\"fusion-text fusion-text-7\"><p><a href=\"https:\/\/www.google.ca\/maps\/place\/BlueHat+Marketing\/@45.4950284,-73.6572821,19z\/data=!4m8!1m2!3m1!2sBlueHat+Marketing!3m4!1s0x0:0x27f34d1fe7fb7d16!8m2!3d45.4952371!4d-73.6574601\" target=\"_blank\" rel=\"nofollow\"><img class=\"aligncenter size-full wp-image-49667\" src=\"https:\/\/img.bluehatmarketing.com\/2018\/07\/montreal.jpg\" alt=\"montreal\" width=\"336\" height=\"350\" srcset=\"https:\/\/2022bluehat.bluehat.hosting\/fr-ca\/wp-content\/uploads\/2018\/07\/montreal-200x208.jpg 200w, https:\/\/2022bluehat.bluehat.hosting\/fr-ca\/wp-content\/uploads\/2018\/07\/montreal-288x300.jpg 288w, https:\/\/2022bluehat.bluehat.hosting\/fr-ca\/wp-content\/uploads\/2018\/07\/montreal.jpg 336w\" sizes=\"(max-width: 336px) 100vw, 336px\" \/><\/a><\/p>\n<\/div><div class=\"fusion-sep-clear\"><\/div><div class=\"fusion-separator fusion-full-width-sep\" style=\"margin-left: auto;margin-right: auto;margin-bottom:15px;width:100%;\"><\/div><div class=\"fusion-sep-clear\"><\/div><div class=\"fusion-text fusion-text-8\"><p class=\"heading-text\" style=\"color: #fff; text-align: center;\"><strong>MONTR\u00c9AL<\/strong><br \/>\n5375 Rue Par\u00e9, Mount-Royal, QC H4P, Canada<\/p>\n<\/div><div class=\"fusion-clearfix\"><\/div><\/div><\/div><div class=\"fusion-layout-column fusion_builder_column fusion-builder-column-4 fusion_builder_column_1_3 1_3 fusion-one-third\" style=\"width:33.333333333333%;width:calc(33.333333333333% - ( ( 4% + 4% ) * 0.33333333333333 ) );margin-right: 4%;margin-top:0px;margin-bottom:20px;\"><div class=\"fusion-column-wrapper fusion-flex-column-wrapper-legacy\" style=\"background-position:left top;background-repeat:no-repeat;-webkit-background-size:cover;-moz-background-size:cover;-o-background-size:cover;background-size:cover;padding: 0px 0px 0px 0px;\"><div class=\"fusion-text fusion-text-9\"><p><a href=\"https:\/\/www.google.ca\/maps\/place\/901+King+St+W+%23400,+Toronto,+ON+M5V+3H5\/@43.6418651,-79.4134079,17z\/data=!3m1!4b1!4m5!3m4!1s0x882b351d82b304c7:0x11ef33c0582ea838!8m2!3d43.6418651!4d-79.4112192\" target=\"_blank\" rel=\"noopener nofollow\"><img class=\"aligncenter size-full wp-image-49668\" src=\"https:\/\/img.bluehatmarketing.com\/2018\/07\/toronto.jpg\" alt=\"toronto\" width=\"336\" height=\"350\" srcset=\"https:\/\/2022bluehat.bluehat.hosting\/fr-ca\/wp-content\/uploads\/2018\/07\/toronto-200x208.jpg 200w, https:\/\/2022bluehat.bluehat.hosting\/fr-ca\/wp-content\/uploads\/2018\/07\/toronto-288x300.jpg 288w, https:\/\/2022bluehat.bluehat.hosting\/fr-ca\/wp-content\/uploads\/2018\/07\/toronto.jpg 336w\" sizes=\"(max-width: 336px) 100vw, 336px\" \/><\/a><\/p>\n<\/div><div class=\"fusion-sep-clear\"><\/div><div class=\"fusion-separator fusion-full-width-sep\" style=\"margin-left: auto;margin-right: auto;margin-bottom:15px;width:100%;\"><\/div><div class=\"fusion-sep-clear\"><\/div><div class=\"fusion-text fusion-text-10\"><p class=\"heading-text\" style=\"color: #fff; text-align: center;\"><strong>TORONTO<\/strong><br \/>\n901 King St W #400, Toronto, ON M5V 3H5, Canada<\/p>\n<\/div><div class=\"fusion-clearfix\"><\/div><\/div><\/div><div class=\"fusion-layout-column fusion_builder_column fusion-builder-column-5 fusion_builder_column_1_3 1_3 fusion-one-third fusion-column-last\" style=\"width:33.333333333333%;width:calc(33.333333333333% - ( ( 4% + 4% ) * 0.33333333333333 ) );margin-top:0px;margin-bottom:20px;\"><div class=\"fusion-column-wrapper fusion-flex-column-wrapper-legacy\" style=\"background-position:left top;background-repeat:no-repeat;-webkit-background-size:cover;-moz-background-size:cover;-o-background-size:cover;background-size:cover;padding: 0px 0px 0px 0px;\"><div class=\"fusion-text fusion-text-11\"><p><a href=\"https:\/\/www.google.ca\/maps\/place\/31+W+34th+St,+New+York,+NY+10001,+USA\/@40.7496722,-73.9889794,17z\/data=!3m1!4b1!4m5!3m4!1s0x89c259a96dbbf609:0x991180a0a95340f9!8m2!3d40.7496722!4d-73.9867907\" target=\"_blank\" rel=\"noopener nofollow\"><img class=\"aligncenter size-full wp-image-49669\" src=\"https:\/\/img.bluehatmarketing.com\/2018\/07\/ny.jpg\" alt=\"ny\" width=\"335\" height=\"349\" srcset=\"https:\/\/2022bluehat.bluehat.hosting\/fr-ca\/wp-content\/uploads\/2018\/07\/ny-200x208.jpg 200w, https:\/\/2022bluehat.bluehat.hosting\/fr-ca\/wp-content\/uploads\/2018\/07\/ny-288x300.jpg 288w, https:\/\/2022bluehat.bluehat.hosting\/fr-ca\/wp-content\/uploads\/2018\/07\/ny.jpg 335w\" sizes=\"(max-width: 335px) 100vw, 335px\" \/><\/a><\/p>\n<\/div><div class=\"fusion-sep-clear\"><\/div><div class=\"fusion-separator fusion-full-width-sep\" style=\"margin-left: auto;margin-right: auto;margin-bottom:15px;width:100%;\"><\/div><div class=\"fusion-sep-clear\"><\/div><div class=\"fusion-text fusion-text-12\"><p class=\"heading-text\" style=\"color: #fff; text-align: center;\"><strong>NEW YORK<\/strong><br \/>\n31 W 34th St, New York, NY 10001, USA<\/p>\n<\/div><div class=\"fusion-clearfix\"><\/div><\/div><\/div><\/div><\/div><div class=\"fusion-fullwidth fullwidth-box fusion-builder-row-3 nonhundred-percent-fullwidth non-hundred-percent-height-scrolling\" style=\"background-color: #171717;background-position: center center;background-repeat: no-repeat;padding-top:20px;padding-right:0px;padding-bottom:20px;padding-left:0px;margin-bottom: 0px;margin-top: 0px;border-width: 0px 0px 0px 0px;border-color:#eae9e9;border-style:solid;\" ><div class=\"fusion-builder-row fusion-row\"><div class=\"fusion-layout-column fusion_builder_column fusion-builder-column-6 fusion_builder_column_1_2 1_2 fusion-one-half fusion-column-first\" style=\"width:50%;width:calc(50% - ( ( 4% ) * 0.5 ) );margin-right: 4%;margin-top:0px;margin-bottom:20px;\"><div class=\"fusion-column-wrapper fusion-flex-column-wrapper-legacy\" style=\"background-position:left top;background-repeat:no-repeat;-webkit-background-size:cover;-moz-background-size:cover;-o-background-size:cover;background-size:cover;padding: 0px 0px 0px 0px;\"><div class=\"fusion-widget-area fusion-widget-area-1 fusion-content-widget-area\"><style type=\"text\/css\">.fusion-widget-area-1 {padding:0px 0px 0px 0px;}.fusion-widget-area-1 .widget h4 {color:#333333;}.fusion-widget-area-1 .widget .heading h4 {color:#333333;}.fusion-widget-area-1 .widget h4 {font-size:20px;}.fusion-widget-area-1 .widget .heading h4 {font-size:20px;}<\/style><div id=\"text-15\" class=\"widget widget_text\">\t\t\t<div class=\"textwidget\"><div class=\"footer-logo\"><img src=\"https:\/\/img.bluehatmarketing.com\/2016\/12\/footer-logo.gif\" alt=\"BlueHat Marketing\">\r\n<\/div><\/div>\n\t\t<\/div><div class=\"fusion-additional-widget-content\"><\/div><\/div><div class=\"fusion-clearfix\"><\/div><\/div><\/div><div class=\"fusion-layout-column fusion_builder_column fusion-builder-column-7 fusion_builder_column_1_2 1_2 fusion-one-half fusion-column-last\" style=\"width:50%;width:calc(50% - ( ( 4% ) * 0.5 ) );margin-top:0px;margin-bottom:20px;\"><div class=\"fusion-column-wrapper fusion-flex-column-wrapper-legacy\" style=\"background-position:left top;background-repeat:no-repeat;-webkit-background-size:cover;-moz-background-size:cover;-o-background-size:cover;background-size:cover;padding: 0px 0px 0px 0px;\"><div class=\"fusion-widget-area fusion-widget-area-2 fusion-content-widget-area\"><style type=\"text\/css\">.fusion-widget-area-2 {padding:0px 0px 0px 0px;}.fusion-widget-area-2 .widget h4 {color:#333333;}.fusion-widget-area-2 .widget .heading h4 {color:#333333;}.fusion-widget-area-2 .widget h4 {font-size:20px;}.fusion-widget-area-2 .widget .heading h4 {font-size:20px;}<\/style><div id=\"text-14\" class=\"widget widget_text\" style=\"border-style: solid;border-color:transparent;border-width:0px;\">\t\t\t<div class=\"textwidget\"><div class=\"footer-socials\">\r\n<ul class=\"social-icon\">\r\n<li class=\"facebook\" style=\" display:inline-block;\"><a target=\"_blank\" title=\"facebook\" href=\"https:\/\/www.facebook.com\/bluehatmarketing\" rel=\"noopener\"><img src=\"https:\/\/img.bluehatmarketing.com\/2016\/12\/facebook.png\" border=\"0\" width=\"32\" height=\"32\" alt=\"facebook\" style=\"margin: 2px; opacity: 1;\"><\/a><\/li>\r\n\r\n<li class=\"twitter\" style=\" display:inline-block;\"><a target=\"_blank\" title=\"twitter\" href=\"http:\/\/twitter.com\/bluehatofficial\" rel=\"noopener\"><img src=\"https:\/\/img.bluehatmarketing.com\/2016\/12\/twitter.png\" border=\"0\" width=\"32\" height=\"32\" alt=\"twitter\" style=\"margin: 2px; opacity: 1;\"><\/a><\/li>\r\n\r\n<li class=\"linkedin\" style=\" display:inline-block;\"><a target=\"_blank\" title=\"linkedin\" href=\"http:\/\/www.linkedin.com\/company\/bluehat-marketing\" rel=\"noopener\"><img src=\"https:\/\/img.bluehatmarketing.com\/2016\/12\/linkedin.png\" border=\"0\" width=\"32\" height=\"32\" alt=\"linkedin\" style=\"margin: 2px; opacity: 1;\"><\/a><\/li>\r\n\r\n<!-- <li class=\"google\" style=\" display:inline-block;\"><a target=\"_blank\" title=\"google\" href=\"https:\/\/plus.google.com\/106757756056432831883\" rel=\"noopener\"><img src=\"https:\/\/img.bluehatmarketing.com\/2016\/12\/google.png\" border=\"0\" width=\"32\" height=\"32\" alt=\"google\" style=\"margin: 2px; opacity: 1;\"><\/a><\/li> -->\r\n\r\n<li class=\"instagram\" style=\" display:inline-block;\"><a target=\"_blank\" title=\"instagram\" href=\"https:\/\/instagram.com\/bluehatmarketing?igshid=59d6ipw09lzq\" rel=\"noopener\"><img src=\"https:\/\/img.bluehatmarketing.com\/2017\/09\/instagram_icon.png\" border=\"0\" width=\"32\" height=\"32\" alt=\"instagram\" style=\"margin: 2px; opacity: 1;\"><\/a><\/li>\r\n\r\n<li class=\"pinterest\" style=\" display:inline-block;\"><a target=\"_blank\" title=\"pinterest\" href=\"https:\/\/www.pinterest.ca\/bluehatofficial\/\" rel=\"noopener\"><img src=\"https:\/\/img.bluehatmarketing.com\/2019\/07\/pinterest-logo-png-circle.png\" border=\"0\" width=\"31\" height=\"31\" alt=\"pinterest\" style=\"margin: 2px; opacity: 1;\"><\/a><\/li>\r\n\r\n<\/ul>\r\n<\/div><\/div>\n\t\t<\/div><div class=\"fusion-additional-widget-content\"><\/div><\/div><div class=\"fusion-clearfix\"><\/div><\/div><\/div><\/div><\/div>\n","protected":false},"excerpt":{"rendered":"","protected":false},"author":1,"featured_media":0,"parent":0,"menu_order":0,"comment_status":"closed","ping_status":"closed","template":"100-width.php","meta":[],"yoast_head":"<!-- This site is optimized with the Yoast SEO plugin v19.5.1 - https:\/\/yoast.com\/wordpress\/plugins\/seo\/ -->\n<title>Contactez-nous<\/title>\n<meta name=\"description\" content=\"Apprenez-en plus sur tous les services que peuvent vous offrir BlueHat en SEO, design web et encore plus. Obtenez une analyse gratuite de votre site ou appelez-nous d\u00e8s maintenant au 1-866-755-2583.\" \/>\n<meta name=\"robots\" content=\"index, follow, max-snippet:-1, max-image-preview:large, max-video-preview:-1\" \/>\n<link rel=\"canonical\" href=\"https:\/\/2022bluehat.bluehat.hosting\/fr-ca\/contactez-nous\/\" \/>\n<meta property=\"og:locale\" content=\"fr_FR\" \/>\n<meta property=\"og:type\" content=\"article\" \/>\n<meta property=\"og:title\" content=\"Contactez-nous\" \/>\n<meta property=\"og:description\" content=\"Apprenez-en plus sur tous les services que peuvent vous offrir BlueHat en SEO, design web et encore plus. Obtenez une analyse gratuite de votre site ou appelez-nous d\u00e8s maintenant au 1-866-755-2583.\" \/>\n<meta property=\"og:url\" content=\"https:\/\/2022bluehat.bluehat.hosting\/fr-ca\/contactez-nous\/\" \/>\n<meta property=\"og:site_name\" content=\"BlueHat Marketing\" \/>\n<meta property=\"article:modified_time\" content=\"2018-12-05T18:44:53+00:00\" \/>\n<meta property=\"og:image\" content=\"https:\/\/img.bluehatmarketing.com\/2018\/07\/montreal.jpg\" \/>\n<meta name=\"twitter:card\" content=\"summary\" \/>\n<meta name=\"twitter:label1\" content=\"Dur\u00e9e de lecture estim\u00e9e\" \/>\n\t<meta name=\"twitter:data1\" content=\"4 minutes\" \/>\n<script type=\"application\/ld+json\" class=\"yoast-schema-graph\">{\"@context\":\"https:\/\/schema.org\",\"@graph\":[{\"@type\":\"WebPage\",\"@id\":\"https:\/\/2022bluehat.bluehat.hosting\/fr-ca\/contactez-nous\/\",\"url\":\"https:\/\/2022bluehat.bluehat.hosting\/fr-ca\/contactez-nous\/\",\"name\":\"Contactez-nous\",\"isPartOf\":{\"@id\":\"https:\/\/2022bluehat.bluehat.hosting\/fr-ca\/#website\"},\"datePublished\":\"2016-12-22T23:13:00+00:00\",\"dateModified\":\"2018-12-05T18:44:53+00:00\",\"description\":\"Apprenez-en plus sur tous les services que peuvent vous offrir BlueHat en SEO, design web et encore plus. Obtenez une analyse gratuite de votre site ou appelez-nous d\u00e8s maintenant au 1-866-755-2583.\",\"breadcrumb\":{\"@id\":\"https:\/\/2022bluehat.bluehat.hosting\/fr-ca\/contactez-nous\/#breadcrumb\"},\"inLanguage\":\"fr-FR\",\"potentialAction\":[{\"@type\":\"ReadAction\",\"target\":[\"https:\/\/2022bluehat.bluehat.hosting\/fr-ca\/contactez-nous\/\"]}]},{\"@type\":\"BreadcrumbList\",\"@id\":\"https:\/\/2022bluehat.bluehat.hosting\/fr-ca\/contactez-nous\/#breadcrumb\",\"itemListElement\":[{\"@type\":\"ListItem\",\"position\":1,\"name\":\"Home\",\"item\":\"https:\/\/2022bluehat.bluehat.hosting\/fr-ca\/\"},{\"@type\":\"ListItem\",\"position\":2,\"name\":\"Contactez-nous\"}]},{\"@type\":\"WebSite\",\"@id\":\"https:\/\/2022bluehat.bluehat.hosting\/fr-ca\/#website\",\"url\":\"https:\/\/2022bluehat.bluehat.hosting\/fr-ca\/\",\"name\":\"BlueHat Marketing\",\"description\":\"Best SEO &amp; Website Design Company In Toronto\/Montreal Canada\",\"potentialAction\":[{\"@type\":\"SearchAction\",\"target\":{\"@type\":\"EntryPoint\",\"urlTemplate\":\"https:\/\/2022bluehat.bluehat.hosting\/fr-ca\/?s={search_term_string}\"},\"query-input\":\"required name=search_term_string\"}],\"inLanguage\":\"fr-FR\"}]}<\/script>\n<!-- \/ Yoast SEO plugin. -->","yoast_head_json":{"title":"Contactez-nous","description":"Apprenez-en plus sur tous les services que peuvent vous offrir BlueHat en SEO, design web et encore plus. Obtenez une analyse gratuite de votre site ou appelez-nous d\u00e8s maintenant au 1-866-755-2583.","robots":{"index":"index","follow":"follow","max-snippet":"max-snippet:-1","max-image-preview":"max-image-preview:large","max-video-preview":"max-video-preview:-1"},"canonical":"https:\/\/2022bluehat.bluehat.hosting\/fr-ca\/contactez-nous\/","og_locale":"fr_FR","og_type":"article","og_title":"Contactez-nous","og_description":"Apprenez-en plus sur tous les services que peuvent vous offrir BlueHat en SEO, design web et encore plus. Obtenez une analyse gratuite de votre site ou appelez-nous d\u00e8s maintenant au 1-866-755-2583.","og_url":"https:\/\/2022bluehat.bluehat.hosting\/fr-ca\/contactez-nous\/","og_site_name":"BlueHat Marketing","article_modified_time":"2018-12-05T18:44:53+00:00","og_image":[{"url":"https:\/\/img.bluehatmarketing.com\/2018\/07\/montreal.jpg"}],"twitter_card":"summary","twitter_misc":{"Dur\u00e9e de lecture estim\u00e9e":"4 minutes"},"schema":{"@context":"https:\/\/schema.org","@graph":[{"@type":"WebPage","@id":"https:\/\/2022bluehat.bluehat.hosting\/fr-ca\/contactez-nous\/","url":"https:\/\/2022bluehat.bluehat.hosting\/fr-ca\/contactez-nous\/","name":"Contactez-nous","isPartOf":{"@id":"https:\/\/2022bluehat.bluehat.hosting\/fr-ca\/#website"},"datePublished":"2016-12-22T23:13:00+00:00","dateModified":"2018-12-05T18:44:53+00:00","description":"Apprenez-en plus sur tous les services que peuvent vous offrir BlueHat en SEO, design web et encore plus. Obtenez une analyse gratuite de votre site ou appelez-nous d\u00e8s maintenant au 1-866-755-2583.","breadcrumb":{"@id":"https:\/\/2022bluehat.bluehat.hosting\/fr-ca\/contactez-nous\/#breadcrumb"},"inLanguage":"fr-FR","potentialAction":[{"@type":"ReadAction","target":["https:\/\/2022bluehat.bluehat.hosting\/fr-ca\/contactez-nous\/"]}]},{"@type":"BreadcrumbList","@id":"https:\/\/2022bluehat.bluehat.hosting\/fr-ca\/contactez-nous\/#breadcrumb","itemListElement":[{"@type":"ListItem","position":1,"name":"Home","item":"https:\/\/2022bluehat.bluehat.hosting\/fr-ca\/"},{"@type":"ListItem","position":2,"name":"Contactez-nous"}]},{"@type":"WebSite","@id":"https:\/\/2022bluehat.bluehat.hosting\/fr-ca\/#website","url":"https:\/\/2022bluehat.bluehat.hosting\/fr-ca\/","name":"BlueHat Marketing","description":"Best SEO &amp; Website Design Company In Toronto\/Montreal Canada","potentialAction":[{"@type":"SearchAction","target":{"@type":"EntryPoint","urlTemplate":"https:\/\/2022bluehat.bluehat.hosting\/fr-ca\/?s={search_term_string}"},"query-input":"required name=search_term_string"}],"inLanguage":"fr-FR"}]}},"_links":{"self":[{"href":"https:\/\/2022bluehat.bluehat.hosting\/fr-ca\/wp-json\/wp\/v2\/pages\/47398"}],"collection":[{"href":"https:\/\/2022bluehat.bluehat.hosting\/fr-ca\/wp-json\/wp\/v2\/pages"}],"about":[{"href":"https:\/\/2022bluehat.bluehat.hosting\/fr-ca\/wp-json\/wp\/v2\/types\/page"}],"author":[{"embeddable":true,"href":"https:\/\/2022bluehat.bluehat.hosting\/fr-ca\/wp-json\/wp\/v2\/users\/1"}],"replies":[{"embeddable":true,"href":"https:\/\/2022bluehat.bluehat.hosting\/fr-ca\/wp-json\/wp\/v2\/comments?post=47398"}],"version-history":[{"count":0,"href":"https:\/\/2022bluehat.bluehat.hosting\/fr-ca\/wp-json\/wp\/v2\/pages\/47398\/revisions"}],"wp:attachment":[{"href":"https:\/\/2022bluehat.bluehat.hosting\/fr-ca\/wp-json\/wp\/v2\/media?parent=47398"}],"curies":[{"name":"wp","href":"https:\/\/api.w.org\/{rel}","templated":true}]}}